{"id":37594,"date":"2019-06-17T14:58:35","date_gmt":"2019-06-17T18:58:35","guid":{"rendered":"http:\/\/webdelmaestrocmf.com\/portal\/?page_id=37594"},"modified":"2020-02-12T10:09:50","modified_gmt":"2020-02-12T13:09:50","slug":"boletin-informativo","status":"publish","type":"page","link":"https:\/\/webdelmaestrocmf.com\/portal\/boletin-informativo\/","title":{"rendered":"Suscr\u00edbase al bolet\u00edn"},"content":{"rendered":"<h5 id=\"lessText\" style=\"text-align: justify;\"><span style=\"color: #444950;\"><span style=\"color: #1c1e21;\">\u00bfLe gustar\u00eda recibir correos electr\u00f3nicos sobre Noticias, Entrevistas, Cursos, Recursos, Capacitaciones y Materiales relacionados a la educaci\u00f3n?<\/span> Si su respuesta es afirmativa, le recomendamos leer lo siguiente:\u00a0<\/span><\/h5>\n<h5 style=\"text-align: justify;\"><span style=\"color: #444950;\">La <strong>Web del Maestro CMF<\/strong> le enviar\u00e1 peri\u00f3dicamente un bolet\u00edn, el cual le mantendr\u00e1 informado sobre noticias, experiencias y opiniones relacionadas a la educaci\u00f3n. <\/span><span style=\"color: #444950;\">En determinadas ocasiones, le enviaremos tambi\u00e9n enlaces sobre cursos y\/o capacitaciones que le ayudar\u00e1n en su formaci\u00f3n permanente y actualizaci\u00f3n continua. <\/span><\/h5>\n<p><!--more--><\/p>\n<p style=\"text-align: justify;\"><span style=\"color: #444950;\">Los datos recibidos a trav\u00e9s de la p\u00e1gina web o fanpage de la <strong>WEB DEL MAESTRO CMF,<\/strong> NO SE COMPARTEN ni se DISTRIBUYEN a otras empresas, negocios o personas. <\/span><\/p>\n<p style=\"text-align: justify;\"><span style=\"color: #444950;\">En caso que quiera darse de baja para no recibir boletines, debe ingresar a su correo electr\u00f3nico, acceder a un bolet\u00edn informativo de la <strong>Web del Maestro CMF<\/strong> y darle clic al enlace \u00ab<strong>Cancelar la suscripci\u00f3n<\/strong>\u00bb que se encuentra en la parte inferior de dicho bolet\u00edn y seguir las instrucciones.\u00a0<\/span><\/p>\n<p style=\"text-align: justify;\">Para poder <strong>inscribirse a los Newsletter o Bolet\u00edn informativo, <\/strong>s\u00f3lo debe llenar el formulario con su email, nombre y apellido:<\/p>\n<p><a href=\"http:\/\/eepurl.com\/c9rIob\" target=\"_blank\" rel=\"noopener noreferrer\"><img loading=\"lazy\" decoding=\"async\" width=\"608\" height=\"549\" class=\"wp-image-39176 aligncenter\" src=\"http:\/\/webdelmaestrocmf.com\/portal\/wp-content\/uploads\/2019\/08\/Captura.png\" alt=\"\" srcset=\"https:\/\/webdelmaestrocmf.com\/portal\/wp-content\/uploads\/2019\/08\/Captura.png 608w, https:\/\/webdelmaestrocmf.com\/portal\/wp-content\/uploads\/2019\/08\/Captura-300x271.png 300w, https:\/\/webdelmaestrocmf.com\/portal\/wp-content\/uploads\/2019\/08\/Captura-110x99.png 110w, https:\/\/webdelmaestrocmf.com\/portal\/wp-content\/uploads\/2019\/08\/Captura-200x181.png 200w, https:\/\/webdelmaestrocmf.com\/portal\/wp-content\/uploads\/2019\/08\/Captura-380x343.png 380w, https:\/\/webdelmaestrocmf.com\/portal\/wp-content\/uploads\/2019\/08\/Captura-255x230.png 255w, https:\/\/webdelmaestrocmf.com\/portal\/wp-content\/uploads\/2019\/08\/Captura-550x497.png 550w\" sizes=\"auto, (max-width: 608px) 100vw, 608px\" \/><\/a><\/p>\n<p style=\"text-align: justify;\">Despu\u00e9s deber\u00e1 revisar su bandeja de entrada en caso le llegue un correo electr\u00f3nico de la <strong>Web del Maestro CMF<\/strong> para confirmar la suscripci\u00f3n.<\/p>\n<p style=\"text-align: justify;\">Le agrademos por dejarnos ayudarlo en su formaci\u00f3n permanente.<\/p>\n","protected":false},"excerpt":{"rendered":"\u00bfLe gustar\u00eda recibir correos electr\u00f3nicos sobre Noticias, Entrevistas, Cursos, Recursos, Capacitaciones y Materiales relacionados a la educaci\u00f3n? Si&hellip;","protected":false},"author":1,"featured_media":37638,"parent":0,"menu_order":0,"comment_status":"closed","ping_status":"closed","template":"","meta":{"csco_display_header_overlay":false,"csco_singular_sidebar":"default","csco_page_header_type":"default","csco_page_load_nextpost":"","csco_post_video_location":[],"csco_post_video_location_hash":"","csco_post_video_url":"","csco_post_video_bg_start_time":0,"csco_post_video_bg_end_time":0,"csco_post_video_bg_volume":false,"footnotes":""},"class_list":{"0":"post-37594","1":"page","2":"type-page","3":"status-publish","4":"has-post-thumbnail","6":"cs-entry","7":"cs-video-wrap"},"yoast_head":"<!-- This site is optimized with the Yoast SEO plugin v27.5 - https:\/\/yoast.com\/product\/yoast-seo-wordpress\/ -->\n<title>Suscr\u00edbase al bolet\u00edn<\/title>\n<meta name=\"description\" content=\"Le gustar\u00eda recibir correos electr\u00f3nicos de la WEB DEL MAESTRO CMF sobre Noticias, Entrevistas, Cursos, Recursos, Capacitaciones y Materiales, adaptadas a...\" \/>\n<meta name=\"robots\" content=\"index, follow, max-snippet:-1, max-image-preview:large, max-video-preview:-1\" \/>\n<link rel=\"canonical\" href=\"https:\/\/webdelmaestrocmf.com\/portal\/boletin-informativo\/\" \/>\n<meta property=\"og:locale\" content=\"es_ES\" \/>\n<meta property=\"og:type\" content=\"article\" \/>\n<meta property=\"og:title\" content=\"Suscr\u00edbase al bolet\u00edn\" \/>\n<meta property=\"og:description\" content=\"Le gustar\u00eda recibir correos electr\u00f3nicos de la WEB DEL MAESTRO CMF sobre Noticias, Entrevistas, Cursos, Recursos, Capacitaciones y Materiales, adaptadas a...\" \/>\n<meta property=\"og:url\" content=\"https:\/\/webdelmaestrocmf.com\/portal\/boletin-informativo\/\" \/>\n<meta property=\"og:site_name\" content=\"Web del Maestro CMF\" \/>\n<meta property=\"article:publisher\" content=\"https:\/\/www.facebook.com\/WebdelMaestroCMF\/\" \/>\n<meta property=\"article:modified_time\" content=\"2020-02-12T13:09:50+00:00\" \/>\n<meta property=\"og:image\" content=\"https:\/\/i0.wp.com\/webdelmaestrocmf.com\/portal\/wp-content\/uploads\/2019\/06\/1-23.jpg?fit=1100%2C680&ssl=1\" \/>\n\t<meta property=\"og:image:width\" content=\"1100\" \/>\n\t<meta property=\"og:image:height\" content=\"680\" \/>\n\t<meta property=\"og:image:type\" content=\"image\/jpeg\" \/>\n<meta name=\"twitter:card\" content=\"summary_large_image\" \/>\n<meta name=\"twitter:site\" content=\"@cmf_w\" \/>\n<script type=\"application\/ld+json\" class=\"yoast-schema-graph\">{\"@context\":\"https:\\\/\\\/schema.org\",\"@graph\":[{\"@type\":\"WebPage\",\"@id\":\"https:\\\/\\\/webdelmaestrocmf.com\\\/portal\\\/boletin-informativo\\\/\",\"url\":\"https:\\\/\\\/webdelmaestrocmf.com\\\/portal\\\/boletin-informativo\\\/\",\"name\":\"Suscr\u00edbase al bolet\u00edn\",\"isPartOf\":{\"@id\":\"https:\\\/\\\/webdelmaestrocmf.com\\\/portal\\\/#website\"},\"primaryImageOfPage\":{\"@id\":\"https:\\\/\\\/webdelmaestrocmf.com\\\/portal\\\/boletin-informativo\\\/#primaryimage\"},\"image\":{\"@id\":\"https:\\\/\\\/webdelmaestrocmf.com\\\/portal\\\/boletin-informativo\\\/#primaryimage\"},\"thumbnailUrl\":\"https:\\\/\\\/webdelmaestrocmf.com\\\/portal\\\/wp-content\\\/uploads\\\/2019\\\/06\\\/1-23.jpg\",\"datePublished\":\"2019-06-17T18:58:35+00:00\",\"dateModified\":\"2020-02-12T13:09:50+00:00\",\"description\":\"Le gustar\u00eda recibir correos electr\u00f3nicos de la WEB DEL MAESTRO CMF sobre Noticias, Entrevistas, Cursos, Recursos, Capacitaciones y Materiales, adaptadas a...\",\"breadcrumb\":{\"@id\":\"https:\\\/\\\/webdelmaestrocmf.com\\\/portal\\\/boletin-informativo\\\/#breadcrumb\"},\"inLanguage\":\"es\",\"potentialAction\":[{\"@type\":\"ReadAction\",\"target\":[\"https:\\\/\\\/webdelmaestrocmf.com\\\/portal\\\/boletin-informativo\\\/\"]}]},{\"@type\":\"ImageObject\",\"inLanguage\":\"es\",\"@id\":\"https:\\\/\\\/webdelmaestrocmf.com\\\/portal\\\/boletin-informativo\\\/#primaryimage\",\"url\":\"https:\\\/\\\/webdelmaestrocmf.com\\\/portal\\\/wp-content\\\/uploads\\\/2019\\\/06\\\/1-23.jpg\",\"contentUrl\":\"https:\\\/\\\/webdelmaestrocmf.com\\\/portal\\\/wp-content\\\/uploads\\\/2019\\\/06\\\/1-23.jpg\",\"width\":1100,\"height\":680},{\"@type\":\"BreadcrumbList\",\"@id\":\"https:\\\/\\\/webdelmaestrocmf.com\\\/portal\\\/boletin-informativo\\\/#breadcrumb\",\"itemListElement\":[{\"@type\":\"ListItem\",\"position\":1,\"name\":\"Portada\",\"item\":\"https:\\\/\\\/webdelmaestrocmf.com\\\/portal\\\/\"},{\"@type\":\"ListItem\",\"position\":2,\"name\":\"Suscr\u00edbase al bolet\u00edn\"}]},{\"@type\":\"WebSite\",\"@id\":\"https:\\\/\\\/webdelmaestrocmf.com\\\/portal\\\/#website\",\"url\":\"https:\\\/\\\/webdelmaestrocmf.com\\\/portal\\\/\",\"name\":\"Web del Maestro CMF\",\"description\":\"Maestros al servicio de la educaci\u00f3n\",\"publisher\":{\"@id\":\"https:\\\/\\\/webdelmaestrocmf.com\\\/portal\\\/#organization\"},\"alternateName\":\"WMCMF\",\"potentialAction\":[{\"@type\":\"SearchAction\",\"target\":{\"@type\":\"EntryPoint\",\"urlTemplate\":\"https:\\\/\\\/webdelmaestrocmf.com\\\/portal\\\/?s={search_term_string}\"},\"query-input\":{\"@type\":\"PropertyValueSpecification\",\"valueRequired\":true,\"valueName\":\"search_term_string\"}}],\"inLanguage\":\"es\"},{\"@type\":\"Organization\",\"@id\":\"https:\\\/\\\/webdelmaestrocmf.com\\\/portal\\\/#organization\",\"name\":\"Web del Maestro CMF\",\"alternateName\":\"WMCMF\",\"url\":\"https:\\\/\\\/webdelmaestrocmf.com\\\/portal\\\/\",\"logo\":{\"@type\":\"ImageObject\",\"inLanguage\":\"es\",\"@id\":\"https:\\\/\\\/webdelmaestrocmf.com\\\/portal\\\/#\\\/schema\\\/logo\\\/image\\\/\",\"url\":\"https:\\\/\\\/webdelmaestrocmf.com\\\/portal\\\/wp-content\\\/uploads\\\/2023\\\/01\\\/logo-wmcmf-2.png\",\"contentUrl\":\"https:\\\/\\\/webdelmaestrocmf.com\\\/portal\\\/wp-content\\\/uploads\\\/2023\\\/01\\\/logo-wmcmf-2.png\",\"width\":200,\"height\":60,\"caption\":\"Web del Maestro CMF\"},\"image\":{\"@id\":\"https:\\\/\\\/webdelmaestrocmf.com\\\/portal\\\/#\\\/schema\\\/logo\\\/image\\\/\"},\"sameAs\":[\"https:\\\/\\\/www.facebook.com\\\/WebdelMaestroCMF\\\/\",\"https:\\\/\\\/x.com\\\/cmf_w\",\"https:\\\/\\\/www.pinterest.com\\\/WMCMF\\\/\",\"https:\\\/\\\/www.linkedin.com\\\/company\\\/web-del-maestro-cmf\\\/\",\"https:\\\/\\\/www.instagram.com\\\/wmcmf\\\/\",\"https:\\\/\\\/www.youtube.com\\\/channel\\\/UCDPSvjbdodE5sHnC3OxutHw\",\"https:\\\/\\\/mastodon.social\\\/@wmcmf\",\"https:\\\/\\\/www.tiktok.com\\\/@webdelmaestrocmf\"]}]}<\/script>\n<!-- \/ Yoast SEO plugin. -->","yoast_head_json":{"title":"Suscr\u00edbase al bolet\u00edn","description":"Le gustar\u00eda recibir correos electr\u00f3nicos de la WEB DEL MAESTRO CMF sobre Noticias, Entrevistas, Cursos, Recursos, Capacitaciones y Materiales, adaptadas a...","robots":{"index":"index","follow":"follow","max-snippet":"max-snippet:-1","max-image-preview":"max-image-preview:large","max-video-preview":"max-video-preview:-1"},"canonical":"https:\/\/webdelmaestrocmf.com\/portal\/boletin-informativo\/","og_locale":"es_ES","og_type":"article","og_title":"Suscr\u00edbase al bolet\u00edn","og_description":"Le gustar\u00eda recibir correos electr\u00f3nicos de la WEB DEL MAESTRO CMF sobre Noticias, Entrevistas, Cursos, Recursos, Capacitaciones y Materiales, adaptadas a...","og_url":"https:\/\/webdelmaestrocmf.com\/portal\/boletin-informativo\/","og_site_name":"Web del Maestro CMF","article_publisher":"https:\/\/www.facebook.com\/WebdelMaestroCMF\/","article_modified_time":"2020-02-12T13:09:50+00:00","og_image":[{"width":1100,"height":680,"url":"https:\/\/i0.wp.com\/webdelmaestrocmf.com\/portal\/wp-content\/uploads\/2019\/06\/1-23.jpg?fit=1100%2C680&ssl=1","type":"image\/jpeg"}],"twitter_card":"summary_large_image","twitter_site":"@cmf_w","schema":{"@context":"https:\/\/schema.org","@graph":[{"@type":"WebPage","@id":"https:\/\/webdelmaestrocmf.com\/portal\/boletin-informativo\/","url":"https:\/\/webdelmaestrocmf.com\/portal\/boletin-informativo\/","name":"Suscr\u00edbase al bolet\u00edn","isPartOf":{"@id":"https:\/\/webdelmaestrocmf.com\/portal\/#website"},"primaryImageOfPage":{"@id":"https:\/\/webdelmaestrocmf.com\/portal\/boletin-informativo\/#primaryimage"},"image":{"@id":"https:\/\/webdelmaestrocmf.com\/portal\/boletin-informativo\/#primaryimage"},"thumbnailUrl":"https:\/\/webdelmaestrocmf.com\/portal\/wp-content\/uploads\/2019\/06\/1-23.jpg","datePublished":"2019-06-17T18:58:35+00:00","dateModified":"2020-02-12T13:09:50+00:00","description":"Le gustar\u00eda recibir correos electr\u00f3nicos de la WEB DEL MAESTRO CMF sobre Noticias, Entrevistas, Cursos, Recursos, Capacitaciones y Materiales, adaptadas a...","breadcrumb":{"@id":"https:\/\/webdelmaestrocmf.com\/portal\/boletin-informativo\/#breadcrumb"},"inLanguage":"es","potentialAction":[{"@type":"ReadAction","target":["https:\/\/webdelmaestrocmf.com\/portal\/boletin-informativo\/"]}]},{"@type":"ImageObject","inLanguage":"es","@id":"https:\/\/webdelmaestrocmf.com\/portal\/boletin-informativo\/#primaryimage","url":"https:\/\/webdelmaestrocmf.com\/portal\/wp-content\/uploads\/2019\/06\/1-23.jpg","contentUrl":"https:\/\/webdelmaestrocmf.com\/portal\/wp-content\/uploads\/2019\/06\/1-23.jpg","width":1100,"height":680},{"@type":"BreadcrumbList","@id":"https:\/\/webdelmaestrocmf.com\/portal\/boletin-informativo\/#breadcrumb","itemListElement":[{"@type":"ListItem","position":1,"name":"Portada","item":"https:\/\/webdelmaestrocmf.com\/portal\/"},{"@type":"ListItem","position":2,"name":"Suscr\u00edbase al bolet\u00edn"}]},{"@type":"WebSite","@id":"https:\/\/webdelmaestrocmf.com\/portal\/#website","url":"https:\/\/webdelmaestrocmf.com\/portal\/","name":"Web del Maestro CMF","description":"Maestros al servicio de la educaci\u00f3n","publisher":{"@id":"https:\/\/webdelmaestrocmf.com\/portal\/#organization"},"alternateName":"WMCMF","potentialAction":[{"@type":"SearchAction","target":{"@type":"EntryPoint","urlTemplate":"https:\/\/webdelmaestrocmf.com\/portal\/?s={search_term_string}"},"query-input":{"@type":"PropertyValueSpecification","valueRequired":true,"valueName":"search_term_string"}}],"inLanguage":"es"},{"@type":"Organization","@id":"https:\/\/webdelmaestrocmf.com\/portal\/#organization","name":"Web del Maestro CMF","alternateName":"WMCMF","url":"https:\/\/webdelmaestrocmf.com\/portal\/","logo":{"@type":"ImageObject","inLanguage":"es","@id":"https:\/\/webdelmaestrocmf.com\/portal\/#\/schema\/logo\/image\/","url":"https:\/\/webdelmaestrocmf.com\/portal\/wp-content\/uploads\/2023\/01\/logo-wmcmf-2.png","contentUrl":"https:\/\/webdelmaestrocmf.com\/portal\/wp-content\/uploads\/2023\/01\/logo-wmcmf-2.png","width":200,"height":60,"caption":"Web del Maestro CMF"},"image":{"@id":"https:\/\/webdelmaestrocmf.com\/portal\/#\/schema\/logo\/image\/"},"sameAs":["https:\/\/www.facebook.com\/WebdelMaestroCMF\/","https:\/\/x.com\/cmf_w","https:\/\/www.pinterest.com\/WMCMF\/","https:\/\/www.linkedin.com\/company\/web-del-maestro-cmf\/","https:\/\/www.instagram.com\/wmcmf\/","https:\/\/www.youtube.com\/channel\/UCDPSvjbdodE5sHnC3OxutHw","https:\/\/mastodon.social\/@wmcmf","https:\/\/www.tiktok.com\/@webdelmaestrocmf"]}]}},"jetpack_sharing_enabled":true,"jetpack-related-posts":[{"id":53485,"url":"https:\/\/webdelmaestrocmf.com\/portal\/politica-de-privacidad-wmcmf\/","url_meta":{"origin":37594,"position":0},"title":"Pol\u00edtica de privacidad Web del Maestro CMF","author":"Web del Maestro CMF","date":"26 octubre, 2020","format":false,"excerpt":"El presente Pol\u00edtica de Privacidad establece los t\u00e9rminos en que la Web del Maestro CMF usa y protege la informaci\u00f3n que es proporcionada por sus usuarios al momento de utilizar su sitio web. La Web del Maestro CMF est\u00e1 comprometida con la seguridad de los datos de sus usuarios. Cuando\u2026","rel":"","context":"Entrada similar","block_context":{"text":"Entrada similar","link":""},"img":{"alt_text":"","src":"https:\/\/i0.wp.com\/webdelmaestrocmf.com\/portal\/wp-content\/uploads\/2020\/10\/1jpg-copia.jpg?resize=350%2C200&ssl=1","width":350,"height":200,"srcset":"https:\/\/i0.wp.com\/webdelmaestrocmf.com\/portal\/wp-content\/uploads\/2020\/10\/1jpg-copia.jpg?resize=350%2C200&ssl=1 1x, https:\/\/i0.wp.com\/webdelmaestrocmf.com\/portal\/wp-content\/uploads\/2020\/10\/1jpg-copia.jpg?resize=525%2C300&ssl=1 1.5x, https:\/\/i0.wp.com\/webdelmaestrocmf.com\/portal\/wp-content\/uploads\/2020\/10\/1jpg-copia.jpg?resize=700%2C400&ssl=1 2x, https:\/\/i0.wp.com\/webdelmaestrocmf.com\/portal\/wp-content\/uploads\/2020\/10\/1jpg-copia.jpg?resize=1050%2C600&ssl=1 3x"},"classes":[]},{"id":6,"url":"https:\/\/webdelmaestrocmf.com\/portal\/homepage-2\/","url_meta":{"origin":37594,"position":1},"title":"WMCMF | Web del Maestro CMF","author":"Web del Maestro CMF","date":"18 diciembre, 2023","format":false,"excerpt":"Un maestro informado, es una luz en la oscuridad. Bienvenido a la Web del Maestro CMF Entrevistas Noticias Carlos Javier Gonz\u00e1lez: Escribir a mano mejora la atenci\u00f3n, la memoria, la comprensi\u00f3n, el aprendizaje, y nos obliga a parar 22 junio, 202517,1K views0 Entrevistas Noticias Emilio Calatayud: Si solo vas al\u2026","rel":"","context":"Entrada similar","block_context":{"text":"Entrada similar","link":""},"img":{"alt_text":"maestro","src":"https:\/\/i0.wp.com\/webdelmaestrocmf.com\/portal\/wp-content\/uploads\/2023\/10\/WMCMF.jpg?resize=350%2C200&ssl=1","width":350,"height":200,"srcset":"https:\/\/i0.wp.com\/webdelmaestrocmf.com\/portal\/wp-content\/uploads\/2023\/10\/WMCMF.jpg?resize=350%2C200&ssl=1 1x, https:\/\/i0.wp.com\/webdelmaestrocmf.com\/portal\/wp-content\/uploads\/2023\/10\/WMCMF.jpg?resize=525%2C300&ssl=1 1.5x, https:\/\/i0.wp.com\/webdelmaestrocmf.com\/portal\/wp-content\/uploads\/2023\/10\/WMCMF.jpg?resize=700%2C400&ssl=1 2x, https:\/\/i0.wp.com\/webdelmaestrocmf.com\/portal\/wp-content\/uploads\/2023\/10\/WMCMF.jpg?resize=1050%2C600&ssl=1 3x"},"classes":[]},{"id":97293,"url":"https:\/\/webdelmaestrocmf.com\/portal\/sobre-el-buen-uso-de-las-redes-sociales\/","url_meta":{"origin":37594,"position":2},"title":"Sobre el buen uso de las redes sociales","author":"Web del Maestro CMF","date":"13 octubre, 2023","format":false,"excerpt":"Con las nuevas herramientas tecnol\u00f3gicas de la comunicaci\u00f3n e informaci\u00f3n, necesitamos maestros que busquen invertir la mayor parte del tiempo que les queda fuera de las aulas y de sus responsabilidades familiares, para seguir capacit\u00e1ndose, aprendiendo e investigando, con un pensamiento cr\u00edtico enriquecido con el m\u00e9todo dialogal que presupone la\u2026","rel":"","context":"Entrada similar","block_context":{"text":"Entrada similar","link":""},"img":{"alt_text":"","src":"https:\/\/i0.wp.com\/webdelmaestrocmf.com\/portal\/wp-content\/uploads\/2020\/10\/1jpg-copia.jpg?resize=350%2C200&ssl=1","width":350,"height":200,"srcset":"https:\/\/i0.wp.com\/webdelmaestrocmf.com\/portal\/wp-content\/uploads\/2020\/10\/1jpg-copia.jpg?resize=350%2C200&ssl=1 1x, https:\/\/i0.wp.com\/webdelmaestrocmf.com\/portal\/wp-content\/uploads\/2020\/10\/1jpg-copia.jpg?resize=525%2C300&ssl=1 1.5x, https:\/\/i0.wp.com\/webdelmaestrocmf.com\/portal\/wp-content\/uploads\/2020\/10\/1jpg-copia.jpg?resize=700%2C400&ssl=1 2x, https:\/\/i0.wp.com\/webdelmaestrocmf.com\/portal\/wp-content\/uploads\/2020\/10\/1jpg-copia.jpg?resize=1050%2C600&ssl=1 3x"},"classes":[]},{"id":3134,"url":"https:\/\/webdelmaestrocmf.com\/portal\/homepage\/","url_meta":{"origin":37594,"position":3},"title":"Web del Maestro CMF &#8211; Inicio","author":"Web del Maestro CMF","date":"12 marzo, 2021","format":false,"excerpt":"Un maestro informado,es una luz en la oscuridad. Bienvenido a la Web del Maestro CMF \u00danase a nuestra comunidad de maestros y emprenda un viaje de innovaci\u00f3n y descubrimiento.","rel":"","context":"Entrada similar","block_context":{"text":"Entrada similar","link":""},"img":{"alt_text":"maestro","src":"https:\/\/i0.wp.com\/webdelmaestrocmf.com\/portal\/wp-content\/uploads\/2023\/10\/WMCMF.jpg?resize=350%2C200&ssl=1","width":350,"height":200,"srcset":"https:\/\/i0.wp.com\/webdelmaestrocmf.com\/portal\/wp-content\/uploads\/2023\/10\/WMCMF.jpg?resize=350%2C200&ssl=1 1x, https:\/\/i0.wp.com\/webdelmaestrocmf.com\/portal\/wp-content\/uploads\/2023\/10\/WMCMF.jpg?resize=525%2C300&ssl=1 1.5x, https:\/\/i0.wp.com\/webdelmaestrocmf.com\/portal\/wp-content\/uploads\/2023\/10\/WMCMF.jpg?resize=700%2C400&ssl=1 2x, https:\/\/i0.wp.com\/webdelmaestrocmf.com\/portal\/wp-content\/uploads\/2023\/10\/WMCMF.jpg?resize=1050%2C600&ssl=1 3x"},"classes":[]},{"id":2,"url":"https:\/\/webdelmaestrocmf.com\/portal\/sample-page\/","url_meta":{"origin":37594,"position":4},"title":"Sample Page","author":"Web del Maestro CMF","date":"5 junio, 2025","format":false,"excerpt":"This is an example page. It's different from a blog post because it will stay in one place and will show up in your site navigation (in most themes). Most people start with an About page that introduces them to potential site visitors. It might say something like this: Hi\u2026","rel":"","context":"Entrada similar","block_context":{"text":"Entrada similar","link":""},"img":{"alt_text":"","src":"","width":0,"height":0},"classes":[]},{"id":134,"url":"https:\/\/webdelmaestrocmf.com\/portal\/terms-of-use\/","url_meta":{"origin":37594,"position":5},"title":"Terms of Use","author":"Web del Maestro CMF","date":"6 junio, 2025","format":false,"excerpt":"Introduction Welcome to The Newsreader. By accessing our website, you agree to these Terms of Use, our Privacy Policy, and any other legal notices published by us on the website. These terms govern your use of our website and its content. If you do not agree with any of these\u2026","rel":"","context":"Entrada similar","block_context":{"text":"Entrada similar","link":""},"img":{"alt_text":"","src":"","width":0,"height":0},"classes":[]}],"_links":{"self":[{"href":"https:\/\/webdelmaestrocmf.com\/portal\/wp-json\/wp\/v2\/pages\/37594","targetHints":{"allow":["GET"]}}],"collection":[{"href":"https:\/\/webdelmaestrocmf.com\/portal\/wp-json\/wp\/v2\/pages"}],"about":[{"href":"https:\/\/webdelmaestrocmf.com\/portal\/wp-json\/wp\/v2\/types\/page"}],"author":[{"embeddable":true,"href":"https:\/\/webdelmaestrocmf.com\/portal\/wp-json\/wp\/v2\/users\/1"}],"replies":[{"embeddable":true,"href":"https:\/\/webdelmaestrocmf.com\/portal\/wp-json\/wp\/v2\/comments?post=37594"}],"version-history":[{"count":0,"href":"https:\/\/webdelmaestrocmf.com\/portal\/wp-json\/wp\/v2\/pages\/37594\/revisions"}],"wp:featuredmedia":[{"embeddable":true,"href":"https:\/\/webdelmaestrocmf.com\/portal\/wp-json\/wp\/v2\/media\/37638"}],"wp:attachment":[{"href":"https:\/\/webdelmaestrocmf.com\/portal\/wp-json\/wp\/v2\/media?parent=37594"}],"curies":[{"name":"wp","href":"https:\/\/api.w.org\/{rel}","templated":true}]}}