{"id":134,"date":"2025-06-06T09:12:56","date_gmt":"2025-06-06T09:12:56","guid":{"rendered":"https:\/\/platform.codesupply.co\/platform\/?page_id=134"},"modified":"2025-06-06T09:12:56","modified_gmt":"2025-06-06T09:12:56","slug":"terms-of-use","status":"publish","type":"page","link":"https:\/\/webdelmaestrocmf.com\/portal\/terms-of-use\/","title":{"rendered":"Terms of Use"},"content":{"rendered":"\n<h2 class=\"wp-block-heading\">Introduction<\/h2>\n\n\n\n<p>Welcome to The Newsreader. By accessing our website, you agree to these Terms of Use, our Privacy Policy, and any other legal notices published by us on the website. These terms govern your use of our website and its content. If you do not agree with any of these terms, you are prohibited from using or accessing this site.<\/p>\n\n\n\n<h2 class=\"wp-block-heading\">Intellectual Property Rights<\/h2>\n\n\n\n<p>The content published on The Newsreader, including articles, photographs, videos, graphics, and overall design, is owned by us or our licensors and is protected by copyright, trademark, patent, and other intellectual property laws. You may not reproduce, distribute, modify, or create derivative works from our content without express written permission from us.<\/p>\n\n\n\n<h2 class=\"wp-block-heading\">Use License<\/h2>\n\n\n\n<p>(a) Permission is granted to temporarily download one copy of the materials (information or software) on The Newsreader&#8217;s website for personal, non-commercial transitory viewing only. This is the grant of a license, not a transfer of title, and under this license, you may not:<\/p>\n\n\n\n<ul class=\"wp-block-list\">\n<li>modify or copy the materials;<\/li>\n\n\n\n<li>use the materials for any commercial purpose, or for any public display (commercial or non-commercial);<br>attempt to decompile or reverse engineer any software contained on The Newsreader&#8217;s website;<br>remove any copyright or other proprietary notations from the materials; or<br>transfer the materials to another person or \u00abmirror\u00bb the materials on any other server.<\/li>\n<\/ul>\n\n\n\n<p>(b) This license shall automatically terminate if you violate any of these restrictions and may be terminated by The Newsreader at any time. Upon terminating your viewing of these materials or upon the termination of this license, you must destroy any downloaded materials in your possession whether in electronic or printed format.<\/p>\n\n\n\n<h2 class=\"wp-block-heading\">Disclaimer<\/h2>\n\n\n\n<p>The materials on The Newsreader&#8217;s website are provided on an &#8216;as is&#8217; basis. The Newsreader makes no warranties, expressed or implied, and hereby disclaims and negates all other warranties including, without limitation, implied warranties or conditions of merchantability, fitness for a particular purpose, or non-infringement of intellectual property or other violation of rights.<br>Further, The Newsreader does not warrant or make any representations concerning the accuracy, likely results, or reliability of the use of the materials on its website or otherwise relating to such materials or on any sites linked to this site.<\/p>\n\n\n\n<h2 class=\"wp-block-heading\">Limitations<\/h2>\n\n\n\n<p>In no event shall The Newsreader or its suppliers be liable for any damages (including, without limitation, damages for loss of data or profit, or due to business interruption) arising out of the use or inability to use the materials on The Newsreader&#8217;s website, even if The Newsreader or a The Newsreader authorized representative has been notified orally or in writing of the possibility of such damage.<\/p>\n\n\n\n<h2 class=\"wp-block-heading\">Links<\/h2>\n\n\n\n<p>The Newsreader has not reviewed all of the sites linked to its website and is not responsible for the contents of any such linked site. The inclusion of any link does not imply endorsement by The Newsreader of the site. Use of any such linked website is at the user&#8217;s own risk.<\/p>\n\n\n\n<h2 class=\"wp-block-heading\">Modifications<\/h2>\n\n\n\n<p>The Newsreader may revise these terms of use for its website at any time without notice. By using this website, you are agreeing to be bound by the then current version of these Terms of Use.<\/p>\n\n\n\n<h2 class=\"wp-block-heading\">Contact Information<\/h2>\n\n\n\n<p>If you have any questions about these Terms of Use, please contact us.<\/p>\n","protected":false},"excerpt":{"rendered":"Introduction Welcome to The Newsreader. By accessing our website, you agree to these Terms of Use, our Privacy&hellip;","protected":false},"author":1,"featured_media":0,"parent":0,"menu_order":0,"comment_status":"closed","ping_status":"closed","template":"","meta":{"csco_display_header_overlay":false,"csco_singular_sidebar":"","csco_page_header_type":"","csco_page_load_nextpost":"","csco_post_video_location":[],"csco_post_video_location_hash":"","csco_post_video_url":"","csco_post_video_bg_start_time":0,"csco_post_video_bg_end_time":0,"csco_post_video_bg_volume":false,"footnotes":""},"class_list":{"0":"post-134","1":"page","2":"type-page","3":"status-publish","5":"cs-entry","6":"cs-video-wrap"},"yoast_head":"<!-- This site is optimized with the Yoast SEO plugin v27.5 - https:\/\/yoast.com\/product\/yoast-seo-wordpress\/ -->\n<title>Terms of Use<\/title>\n<meta name=\"description\" content=\"Comunidad de Maestros, Docentes y Profesores, en donde encontrar\u00e1s material, informaci\u00f3n y noticias del \u00e1mbito nacional y mundial.\" \/>\n<meta name=\"robots\" content=\"index, follow, max-snippet:-1, max-image-preview:large, max-video-preview:-1\" \/>\n<link rel=\"canonical\" href=\"https:\/\/webdelmaestrocmf.com\/portal\/terms-of-use\/\" \/>\n<meta property=\"og:locale\" content=\"es_ES\" \/>\n<meta property=\"og:type\" content=\"article\" \/>\n<meta property=\"og:title\" content=\"Terms of Use\" \/>\n<meta property=\"og:description\" content=\"Comunidad de Maestros, Docentes y Profesores, en donde encontrar\u00e1s material, informaci\u00f3n y noticias del \u00e1mbito nacional y mundial.\" \/>\n<meta property=\"og:url\" content=\"https:\/\/webdelmaestrocmf.com\/portal\/terms-of-use\/\" \/>\n<meta property=\"og:site_name\" content=\"Web del Maestro CMF\" \/>\n<meta property=\"article:publisher\" content=\"https:\/\/www.facebook.com\/WebdelMaestroCMF\/\" \/>\n<meta property=\"og:image\" content=\"https:\/\/webdelmaestrocmf.com\/portal\/wp-content\/uploads\/2023\/09\/wmcmf.jpg\" \/>\n\t<meta property=\"og:image:width\" content=\"1200\" \/>\n\t<meta property=\"og:image:height\" content=\"630\" \/>\n\t<meta property=\"og:image:type\" content=\"image\/jpeg\" \/>\n<meta name=\"twitter:card\" content=\"summary_large_image\" \/>\n<meta name=\"twitter:site\" content=\"@cmf_w\" \/>\n<script type=\"application\/ld+json\" class=\"yoast-schema-graph\">{\"@context\":\"https:\\\/\\\/schema.org\",\"@graph\":[{\"@type\":\"WebPage\",\"@id\":\"https:\\\/\\\/webdelmaestrocmf.com\\\/portal\\\/terms-of-use\\\/\",\"url\":\"https:\\\/\\\/webdelmaestrocmf.com\\\/portal\\\/terms-of-use\\\/\",\"name\":\"Terms of Use\",\"isPartOf\":{\"@id\":\"https:\\\/\\\/webdelmaestrocmf.com\\\/portal\\\/#website\"},\"datePublished\":\"2025-06-06T09:12:56+00:00\",\"description\":\"Comunidad de Maestros, Docentes y Profesores, en donde encontrar\u00e1s material, informaci\u00f3n y noticias del \u00e1mbito nacional y mundial.\",\"breadcrumb\":{\"@id\":\"https:\\\/\\\/webdelmaestrocmf.com\\\/portal\\\/terms-of-use\\\/#breadcrumb\"},\"inLanguage\":\"es\",\"potentialAction\":[{\"@type\":\"ReadAction\",\"target\":[\"https:\\\/\\\/webdelmaestrocmf.com\\\/portal\\\/terms-of-use\\\/\"]}]},{\"@type\":\"BreadcrumbList\",\"@id\":\"https:\\\/\\\/webdelmaestrocmf.com\\\/portal\\\/terms-of-use\\\/#breadcrumb\",\"itemListElement\":[{\"@type\":\"ListItem\",\"position\":1,\"name\":\"Portada\",\"item\":\"https:\\\/\\\/webdelmaestrocmf.com\\\/portal\\\/\"},{\"@type\":\"ListItem\",\"position\":2,\"name\":\"Terms of Use\"}]},{\"@type\":\"WebSite\",\"@id\":\"https:\\\/\\\/webdelmaestrocmf.com\\\/portal\\\/#website\",\"url\":\"https:\\\/\\\/webdelmaestrocmf.com\\\/portal\\\/\",\"name\":\"Web del Maestro CMF\",\"description\":\"Maestros al servicio de la educaci\u00f3n\",\"publisher\":{\"@id\":\"https:\\\/\\\/webdelmaestrocmf.com\\\/portal\\\/#organization\"},\"alternateName\":\"WMCMF\",\"potentialAction\":[{\"@type\":\"SearchAction\",\"target\":{\"@type\":\"EntryPoint\",\"urlTemplate\":\"https:\\\/\\\/webdelmaestrocmf.com\\\/portal\\\/?s={search_term_string}\"},\"query-input\":{\"@type\":\"PropertyValueSpecification\",\"valueRequired\":true,\"valueName\":\"search_term_string\"}}],\"inLanguage\":\"es\"},{\"@type\":\"Organization\",\"@id\":\"https:\\\/\\\/webdelmaestrocmf.com\\\/portal\\\/#organization\",\"name\":\"Web del Maestro CMF\",\"alternateName\":\"WMCMF\",\"url\":\"https:\\\/\\\/webdelmaestrocmf.com\\\/portal\\\/\",\"logo\":{\"@type\":\"ImageObject\",\"inLanguage\":\"es\",\"@id\":\"https:\\\/\\\/webdelmaestrocmf.com\\\/portal\\\/#\\\/schema\\\/logo\\\/image\\\/\",\"url\":\"https:\\\/\\\/webdelmaestrocmf.com\\\/portal\\\/wp-content\\\/uploads\\\/2023\\\/01\\\/logo-wmcmf-2.png\",\"contentUrl\":\"https:\\\/\\\/webdelmaestrocmf.com\\\/portal\\\/wp-content\\\/uploads\\\/2023\\\/01\\\/logo-wmcmf-2.png\",\"width\":200,\"height\":60,\"caption\":\"Web del Maestro CMF\"},\"image\":{\"@id\":\"https:\\\/\\\/webdelmaestrocmf.com\\\/portal\\\/#\\\/schema\\\/logo\\\/image\\\/\"},\"sameAs\":[\"https:\\\/\\\/www.facebook.com\\\/WebdelMaestroCMF\\\/\",\"https:\\\/\\\/x.com\\\/cmf_w\",\"https:\\\/\\\/www.pinterest.com\\\/WMCMF\\\/\",\"https:\\\/\\\/www.linkedin.com\\\/company\\\/web-del-maestro-cmf\\\/\",\"https:\\\/\\\/www.instagram.com\\\/wmcmf\\\/\",\"https:\\\/\\\/www.youtube.com\\\/channel\\\/UCDPSvjbdodE5sHnC3OxutHw\",\"https:\\\/\\\/mastodon.social\\\/@wmcmf\",\"https:\\\/\\\/www.tiktok.com\\\/@webdelmaestrocmf\"]}]}<\/script>\n<!-- \/ Yoast SEO plugin. -->","yoast_head_json":{"title":"Terms of Use","description":"Comunidad de Maestros, Docentes y Profesores, en donde encontrar\u00e1s material, informaci\u00f3n y noticias del \u00e1mbito nacional y mundial.","robots":{"index":"index","follow":"follow","max-snippet":"max-snippet:-1","max-image-preview":"max-image-preview:large","max-video-preview":"max-video-preview:-1"},"canonical":"https:\/\/webdelmaestrocmf.com\/portal\/terms-of-use\/","og_locale":"es_ES","og_type":"article","og_title":"Terms of Use","og_description":"Comunidad de Maestros, Docentes y Profesores, en donde encontrar\u00e1s material, informaci\u00f3n y noticias del \u00e1mbito nacional y mundial.","og_url":"https:\/\/webdelmaestrocmf.com\/portal\/terms-of-use\/","og_site_name":"Web del Maestro CMF","article_publisher":"https:\/\/www.facebook.com\/WebdelMaestroCMF\/","og_image":[{"width":1200,"height":630,"url":"https:\/\/webdelmaestrocmf.com\/portal\/wp-content\/uploads\/2023\/09\/wmcmf.jpg","type":"image\/jpeg"}],"twitter_card":"summary_large_image","twitter_site":"@cmf_w","schema":{"@context":"https:\/\/schema.org","@graph":[{"@type":"WebPage","@id":"https:\/\/webdelmaestrocmf.com\/portal\/terms-of-use\/","url":"https:\/\/webdelmaestrocmf.com\/portal\/terms-of-use\/","name":"Terms of Use","isPartOf":{"@id":"https:\/\/webdelmaestrocmf.com\/portal\/#website"},"datePublished":"2025-06-06T09:12:56+00:00","description":"Comunidad de Maestros, Docentes y Profesores, en donde encontrar\u00e1s material, informaci\u00f3n y noticias del \u00e1mbito nacional y mundial.","breadcrumb":{"@id":"https:\/\/webdelmaestrocmf.com\/portal\/terms-of-use\/#breadcrumb"},"inLanguage":"es","potentialAction":[{"@type":"ReadAction","target":["https:\/\/webdelmaestrocmf.com\/portal\/terms-of-use\/"]}]},{"@type":"BreadcrumbList","@id":"https:\/\/webdelmaestrocmf.com\/portal\/terms-of-use\/#breadcrumb","itemListElement":[{"@type":"ListItem","position":1,"name":"Portada","item":"https:\/\/webdelmaestrocmf.com\/portal\/"},{"@type":"ListItem","position":2,"name":"Terms of Use"}]},{"@type":"WebSite","@id":"https:\/\/webdelmaestrocmf.com\/portal\/#website","url":"https:\/\/webdelmaestrocmf.com\/portal\/","name":"Web del Maestro CMF","description":"Maestros al servicio de la educaci\u00f3n","publisher":{"@id":"https:\/\/webdelmaestrocmf.com\/portal\/#organization"},"alternateName":"WMCMF","potentialAction":[{"@type":"SearchAction","target":{"@type":"EntryPoint","urlTemplate":"https:\/\/webdelmaestrocmf.com\/portal\/?s={search_term_string}"},"query-input":{"@type":"PropertyValueSpecification","valueRequired":true,"valueName":"search_term_string"}}],"inLanguage":"es"},{"@type":"Organization","@id":"https:\/\/webdelmaestrocmf.com\/portal\/#organization","name":"Web del Maestro CMF","alternateName":"WMCMF","url":"https:\/\/webdelmaestrocmf.com\/portal\/","logo":{"@type":"ImageObject","inLanguage":"es","@id":"https:\/\/webdelmaestrocmf.com\/portal\/#\/schema\/logo\/image\/","url":"https:\/\/webdelmaestrocmf.com\/portal\/wp-content\/uploads\/2023\/01\/logo-wmcmf-2.png","contentUrl":"https:\/\/webdelmaestrocmf.com\/portal\/wp-content\/uploads\/2023\/01\/logo-wmcmf-2.png","width":200,"height":60,"caption":"Web del Maestro CMF"},"image":{"@id":"https:\/\/webdelmaestrocmf.com\/portal\/#\/schema\/logo\/image\/"},"sameAs":["https:\/\/www.facebook.com\/WebdelMaestroCMF\/","https:\/\/x.com\/cmf_w","https:\/\/www.pinterest.com\/WMCMF\/","https:\/\/www.linkedin.com\/company\/web-del-maestro-cmf\/","https:\/\/www.instagram.com\/wmcmf\/","https:\/\/www.youtube.com\/channel\/UCDPSvjbdodE5sHnC3OxutHw","https:\/\/mastodon.social\/@wmcmf","https:\/\/www.tiktok.com\/@webdelmaestrocmf"]}]}},"jetpack_sharing_enabled":true,"jetpack-related-posts":[{"id":132,"url":"https:\/\/webdelmaestrocmf.com\/portal\/privacy-policy\/","url_meta":{"origin":134,"position":0},"title":"Privacy Policy","author":"Web del Maestro CMF","date":"6 junio, 2025","format":false,"excerpt":"Who we are Our website address is: https:\/\/codesupply.co. What personal data we collect and why we collect it Comments When visitors leave comments on the site we collect the data shown in the comments form, and also the visitor\u2019s IP address and browser user agent string to help spam detection.\u2026","rel":"","context":"Entrada similar","block_context":{"text":"Entrada similar","link":""},"img":{"alt_text":"","src":"","width":0,"height":0},"classes":[]},{"id":2,"url":"https:\/\/webdelmaestrocmf.com\/portal\/sample-page\/","url_meta":{"origin":134,"position":1},"title":"Sample Page","author":"Web del Maestro CMF","date":"5 junio, 2025","format":false,"excerpt":"This is an example page. It's different from a blog post because it will stay in one place and will show up in your site navigation (in most themes). Most people start with an About page that introduces them to potential site visitors. It might say something like this: Hi\u2026","rel":"","context":"Entrada similar","block_context":{"text":"Entrada similar","link":""},"img":{"alt_text":"","src":"","width":0,"height":0},"classes":[]}],"_links":{"self":[{"href":"https:\/\/webdelmaestrocmf.com\/portal\/wp-json\/wp\/v2\/pages\/134","targetHints":{"allow":["GET"]}}],"collection":[{"href":"https:\/\/webdelmaestrocmf.com\/portal\/wp-json\/wp\/v2\/pages"}],"about":[{"href":"https:\/\/webdelmaestrocmf.com\/portal\/wp-json\/wp\/v2\/types\/page"}],"author":[{"embeddable":true,"href":"https:\/\/webdelmaestrocmf.com\/portal\/wp-json\/wp\/v2\/users\/1"}],"replies":[{"embeddable":true,"href":"https:\/\/webdelmaestrocmf.com\/portal\/wp-json\/wp\/v2\/comments?post=134"}],"version-history":[{"count":0,"href":"https:\/\/webdelmaestrocmf.com\/portal\/wp-json\/wp\/v2\/pages\/134\/revisions"}],"wp:attachment":[{"href":"https:\/\/webdelmaestrocmf.com\/portal\/wp-json\/wp\/v2\/media?parent=134"}],"curies":[{"name":"wp","href":"https:\/\/api.w.org\/{rel}","templated":true}]}}